{"id":35,"date":"2022-09-06T08:05:27","date_gmt":"2022-09-06T08:05:27","guid":{"rendered":"https:\/\/organonpro.com\/ar-es\/?page_id=35"},"modified":"2024-07-08T12:03:13","modified_gmt":"2024-07-08T12:03:13","slug":"aviso","status":"publish","type":"page","link":"https:\/\/organonpro.com\/es-ar\/aviso\/","title":{"rendered":"Aviso de privacidad"},"content":{"rendered":"\n<p>Organon Argentina S.R.L (\u201cOrganon\u201d) mantiene estrictas medidas y pol\u00edticas para salvaguardar la confidencialidad de los datos a los que tiene acceso, en el marco de la Ley 25.326 de Protecci\u00f3n de los Datos Personales (\u201cLPDP\u201d) y las pol\u00edticas de Organon<br><br>Organon habitualmente recopila, recibe, utiliza y comparte informaci\u00f3n en cualquier formato que identifique, o sea utilizada o pueda ser utilizada por, o en nombre de, Organon para identificar a una persona (\u201cDatos Personales\u201d), sobre m\u00e9dicos, investigadores y otros profesionales del cuidado de la salud, con arreglo a la LPDP y, si corresponde, seg\u00fan lo autorizado por las autoridades gubernamentales aplicables, en relaci\u00f3n con nuestras operaciones comerciales diarias. Organon podr\u00e1 recolectar y tratar sus Datos Personales suministrados a trav\u00e9s de cualquiera de los canales previstos en este sitio. A tal fin, se le hace saber lo siguiente:<\/p>\n\n\n\n<ul class=\"wp-block-list\">\n<li>El responsable que recaba los Datos Personales es: Organon Argentina S.R.L, con domicilio en Blas Parera 3551, Olivos, Buenos Aires, 1636, piso 4 oficina 101,Argentina<\/li>\n\n\n\n<li>El responsable que recaba los Datos Personales es: Organon Argentina S.R.L, con domicilio en Blas Parera 3551, Olivos, Buenos Aires, 1636, piso 4 oficina 101,Argentina<\/li>\n\n\n\n<li>La finalidad del tratamiento de sus Datos Personales es: Ofrecerle, como miembro registrado del portal, informaci\u00f3n sobre actividades de Organon, sus productos, sus \u00e1reas terap\u00e9uticas y otros contenidos sobre salud y el \u00e1mbito sanitario que est\u00e1n dirigidos espec\u00edfica y exclusivamente a profesionales sanitarios facultados para prescribir o dispensar medicamentos.<\/li>\n\n\n\n<li>Nuestro portal Organon Conecta est\u00e1 dise\u00f1ado para cumplir con nuestro compromiso de suministrar a la comunidad m\u00e9dica contenidos t\u00e9cnico- promocionales balanceados y de calidad que les ayuden a efectuar una valoraci\u00f3n cr\u00edtica de nuestros productos y servicios a trav\u00e9s de la informaci\u00f3n y formaci\u00f3n m\u00e1s innovadoras y siempre teniendo el beneficio del paciente como objetivo com\u00fan.<\/li>\n\n\n\n<li>Adem\u00e1s, utilizamos m\u00e9todos como cookies y otras tecnolog\u00edas de seguimiento con las que recopilamos autom\u00e1ticamente informaci\u00f3n sobre usted cuando navega por nuestra web, para medir el n\u00famero de visitas, y administrar y optimizar los contenidos en general de la web, y personalizar en particular los que le mostramos a Ud. (+ info en\u202fPol\u00edtica de privacidad)<\/li>\n\n\n\n<li>Gesti\u00f3n de estudio de investigaci\u00f3n cl\u00ednica, epidemiol\u00f3gica y de resultados Informes de quejas de productos y eventos adversos<\/li>\n\n\n\n<li>Programas de soporte a pacientes<\/li>\n\n\n\n<li>Comunicar informaci\u00f3n sobre nuestros productos, \u00e1reas terap\u00e9uticas, eventos, servicios y otras iniciativas a los profesionales de la salud, mediante nuestros representantes, nuestros sitios web, correo electr\u00f3nico, medios digitales, centros de llamadas, correo postal y\/u otros canales, incluidas comunicaciones de promoci\u00f3n y otras de comercializaci\u00f3n<\/li>\n\n\n\n<li>Simposios, conferencias y otros programas educativos y cient\u00edficos<\/li>\n\n\n\n<li>Investigaci\u00f3n de mercados<\/li>\n\n\n\n<li>Proporcionar acceso a nuestros servicios y llevar el seguimiento de nuestras interacciones con los profesionales de la salud por Internet o fuera de Internet (nuestras pr\u00e1cticas en l\u00ednea est\u00e1n regidas por nuestra Pol\u00edtica de Privacidad en Internet)<\/li>\n\n\n\n<li>Informaci\u00f3n general sobre programas de apoyo a pacientes<\/li>\n\n\n\n<li>Recibir comunicaciones a trav\u00e9s de correos electr\u00f3nicos u otros medios digitales (SMS, Whatsapp, etc.), para actualizarme sobre las \u00faltimas novedades (cursos de formaci\u00f3n, webinars, congresos virtuales, revistas cient\u00edficas, manuales, etc.)<\/li>\n<\/ul>\n\n\n\n<p><br><br>La enumeraci\u00f3n precedente es meramente enunciativa.<br><br>Cuando las leyes locales requieran que usted proporcione consentimiento espec\u00edfico para la recopilaci\u00f3n, uso, transferencia y\/o divulgaci\u00f3n de sus Datos Personales, es posible que se le solicite que proporcione su consentimiento por cualquiera de los medios previamente mencionados, o mediante otros medios permitidos por la LPDP.<br><br>Mediante la aceptaci\u00f3n del presente Aviso de Privacidad, usted autoriza expresamente a Organon para que utilice y transfiera sus Datos Personales a favor de cualquier tercero, incluyendo una nube (\u201ccloud\u201d) y\/o un pa\u00eds que no cuenta con normas adecuadas de protecci\u00f3n de datos personales, conforme los par\u00e1metros establecidos por las autoridades de Argentina y la LPDP, siempre y cuando: (i) algunos de los datos personales no pudieran considerarse como sensibles en los t\u00e9rminos de la LPDP, y (ii) el tercero receptor asuma las mismas obligaciones de confidencialidad, protecci\u00f3n y seguridad que corresponden al responsable que transfiri\u00f3 los datos, de conformidad con lo dispuesto en la LPDP. Lo anterior, en el entendimiento de que algunos de los datos personales pudieran considerarse como sensibles, y que el tercero receptor no podr\u00e1 a su vez transferir los datos que le fueron transferidos a favor de ning\u00fan tercero, salvo a Organon de regreso y\/o al encargado de su resguardo.<br><br>La proporci\u00f3n de sus Datos Personales implica la aceptaci\u00f3n de ser contactado por cualquier medio de comunicaci\u00f3n existente al presente o que pudiese implementarse en el futuro, incluyendo llamados telef\u00f3nicos, mensajes por sms y\/o correo electr\u00f3nico. Sin embargo, Ud. podr\u00e1 solicitar en cualquier momento a Organon que deje de enviarle correos electr\u00f3nicos u otras comunicaciones.<br><br>Organon implementa medidas para mantener la seguridad de los Datos Personales, incluyendo todas las medidas pr\u00e1cticas, t\u00e9cnicas y organizativas internas necesarias para garantizar la seguridad, integridad y confidencialidad de los Datos Personales, tratando diligentemente de evitar el acceso no autorizado, destrucci\u00f3n, utilizaci\u00f3n, modificaci\u00f3n o divulgaci\u00f3n de los datos, de acuerdo a lo previsto en la LPDP. Sin perjuicio de ello, hacemos saber que la transmisi\u00f3n de datos a trav\u00e9s de internet (incluyendo el uso de e-mails) nunca es 100% segura.<br><br>La base de datos de los visitantes de este sitio se encuentra debidamente inscripta ante el \u00f3rgano de control de la LPDP.<br><br>Usted tiene la facultad de ejercer el derecho de acceso a sus Datos Personales en forma gratuita a intervalos no inferiores a seis meses, salvo que se acredite un inter\u00e9s leg\u00edtimo al efecto conforme lo establecido en el art\u00edculo 12, inciso 3 de la LPDP. Cualquier requerimiento de modificaci\u00f3n y\/o actualizaci\u00f3n de la informaci\u00f3n provista que usted haga a Organon, podr\u00e1 efectuarse en la direcci\u00f3n de correo postal Blas Parera 3551, Olivos, Buenos Aires, 1636, piso 4 oficina 101, Argentina. Para ello, le pedimos dirigir una comunicaci\u00f3n a Organon, que contenga la siguiente informaci\u00f3n:<\/p>\n\n\n\n<ul class=\"wp-block-list\">\n<li>Su nombre, su domicilio o medio que nos permita contactarlo<\/li>\n\n\n\n<li>Identificaci\u00f3n oficial (en su caso, documento que acredite la representaci\u00f3n del titular de los Datos Personales)<\/li>\n\n\n\n<li>Descripci\u00f3n precisa del tipo de acci\u00f3n que desea se tome respecto de sus Datos Personales<\/li>\n\n\n\n<li>Adjuntar la documentaci\u00f3n que sustente la petici\u00f3n, as\u00ed como los documentos que acrediten su identidad<\/li>\n<\/ul>\n\n\n\n<p>La Agencia de Acceso a la Informaci\u00f3n P\u00fablica, \u00d3rgano de Control de la LPDP, tiene la atribuci\u00f3n de atender las denuncias y reclamos que se interpongan con relaci\u00f3n al incumplimiento de las normas vigentes en materia de protecci\u00f3n de datos personales.<\/p>\n\n\n\n<p>En caso de existir cualquier duda respecto del manejo de sus datos personales, puede dirigirse al siguiente tel\u00e9fono: (011) 22068900 de lunes a viernes en el horario de 8 a 17 hs. o al siguiente mail:\u202f<a href=\"mailto:privacidadarg@organon.com\">privacidadarg@organon.com<\/a><\/p>\n","protected":false},"excerpt":{"rendered":"<p>Organon Argentina S.R.L (\u201cOrganon\u201d) mantiene estrictas medidas y pol\u00edticas para salvaguardar la confidencialidad de los datos a los que tiene acceso, en el marco de la Ley 25.326 de Protecci\u00f3n de los Datos Personales (\u201cLPDP\u201d) y las pol\u00edticas de Organon Organon habitualmente recopila, recibe, utiliza y comparte informaci\u00f3n en cualquier formato que identifique, o sea [&hellip;]<\/p>\n","protected":false},"author":15,"featured_media":0,"parent":0,"menu_order":0,"comment_status":"closed","ping_status":"closed","template":"","meta":{"_acf_changed":false,"footnotes":""},"class_list":["post-35","page","type-page","status-publish","hentry"],"acf":[],"yoast_head":"<!-- This site is optimized with the Yoast SEO Premium plugin v20.11 (Yoast SEO v26.6) - https:\/\/yoast.com\/wordpress\/plugins\/seo\/ -->\n<title>Aviso de privacidad - Organon Pro - Argentina<\/title>\n<meta name=\"robots\" content=\"index, follow, max-snippet:-1, max-image-preview:large, max-video-preview:-1\" \/>\n<link rel=\"canonical\" href=\"https:\/\/organonpro.com\/es-ar\/aviso\/\" \/>\n<meta property=\"og:locale\" content=\"en_US\" \/>\n<meta property=\"og:type\" content=\"article\" \/>\n<meta property=\"og:title\" content=\"Aviso de privacidad\" \/>\n<meta property=\"og:description\" content=\"Organon Argentina S.R.L (\u201cOrganon\u201d) mantiene estrictas medidas y pol\u00edticas para salvaguardar la confidencialidad de los datos a los que tiene acceso, en el marco de la Ley 25.326 de Protecci\u00f3n de los Datos Personales (\u201cLPDP\u201d) y las pol\u00edticas de Organon Organon habitualmente recopila, recibe, utiliza y comparte informaci\u00f3n en cualquier formato que identifique, o sea [&hellip;]\" \/>\n<meta property=\"og:url\" content=\"https:\/\/organonpro.com\/es-ar\/aviso\/\" \/>\n<meta property=\"og:site_name\" content=\"Organon Pro - Argentina\" \/>\n<meta property=\"article:modified_time\" content=\"2024-07-08T12:03:13+00:00\" \/>\n<meta property=\"og:image\" content=\"https:\/\/organonpro.com\/es-ar\/wp-content\/uploads\/sites\/72\/2022\/12\/organon-pro-og-img.png\" \/>\n\t<meta property=\"og:image:width\" content=\"1200\" \/>\n\t<meta property=\"og:image:height\" content=\"630\" \/>\n\t<meta property=\"og:image:type\" content=\"image\/png\" \/>\n<meta name=\"twitter:card\" content=\"summary_large_image\" \/>\n<meta name=\"twitter:label1\" content=\"Est. reading time\" \/>\n\t<meta name=\"twitter:data1\" content=\"5 minutes\" \/>\n<script type=\"application\/ld+json\" class=\"yoast-schema-graph\">{\"@context\":\"https:\/\/schema.org\",\"@graph\":[{\"@type\":\"WebPage\",\"@id\":\"https:\/\/organonpro.com\/es-ar\/aviso\/\",\"url\":\"https:\/\/organonpro.com\/es-ar\/aviso\/\",\"name\":\"Aviso de privacidad - Organon Pro - Argentina\",\"isPartOf\":{\"@id\":\"https:\/\/organonpro.com\/es-ar\/#website\"},\"datePublished\":\"2022-09-06T08:05:27+00:00\",\"dateModified\":\"2024-07-08T12:03:13+00:00\",\"breadcrumb\":{\"@id\":\"https:\/\/organonpro.com\/es-ar\/aviso\/#breadcrumb\"},\"inLanguage\":\"en-US\",\"potentialAction\":[{\"@type\":\"ReadAction\",\"target\":[\"https:\/\/organonpro.com\/es-ar\/aviso\/\"]}]},{\"@type\":\"BreadcrumbList\",\"@id\":\"https:\/\/organonpro.com\/es-ar\/aviso\/#breadcrumb\",\"itemListElement\":[{\"@type\":\"ListItem\",\"position\":1,\"name\":\"Home\",\"item\":\"https:\/\/organonpro.com\/es-ar\/\"},{\"@type\":\"ListItem\",\"position\":2,\"name\":\"Aviso de privacidad\"}]},{\"@type\":\"WebSite\",\"@id\":\"https:\/\/organonpro.com\/es-ar\/#website\",\"url\":\"https:\/\/organonpro.com\/es-ar\/\",\"name\":\"Organon Pro Argentina\",\"description\":\"OrganonPro - Argentina\",\"potentialAction\":[{\"@type\":\"SearchAction\",\"target\":{\"@type\":\"EntryPoint\",\"urlTemplate\":\"https:\/\/organonpro.com\/es-ar\/?s={search_term_string}\"},\"query-input\":{\"@type\":\"PropertyValueSpecification\",\"valueRequired\":true,\"valueName\":\"search_term_string\"}}],\"inLanguage\":\"en-US\"}]}<\/script>\n<!-- \/ Yoast SEO Premium plugin. -->","yoast_head_json":{"title":"Aviso de privacidad - Organon Pro - Argentina","robots":{"index":"index","follow":"follow","max-snippet":"max-snippet:-1","max-image-preview":"max-image-preview:large","max-video-preview":"max-video-preview:-1"},"canonical":"https:\/\/organonpro.com\/es-ar\/aviso\/","og_locale":"en_US","og_type":"article","og_title":"Aviso de privacidad","og_description":"Organon Argentina S.R.L (\u201cOrganon\u201d) mantiene estrictas medidas y pol\u00edticas para salvaguardar la confidencialidad de los datos a los que tiene acceso, en el marco de la Ley 25.326 de Protecci\u00f3n de los Datos Personales (\u201cLPDP\u201d) y las pol\u00edticas de Organon Organon habitualmente recopila, recibe, utiliza y comparte informaci\u00f3n en cualquier formato que identifique, o sea [&hellip;]","og_url":"https:\/\/organonpro.com\/es-ar\/aviso\/","og_site_name":"Organon Pro - Argentina","article_modified_time":"2024-07-08T12:03:13+00:00","og_image":[{"width":1200,"height":630,"url":"https:\/\/organonpro.com\/es-ar\/wp-content\/uploads\/sites\/72\/2022\/12\/organon-pro-og-img.png","type":"image\/png"}],"twitter_card":"summary_large_image","twitter_misc":{"Est. reading time":"5 minutes"},"schema":{"@context":"https:\/\/schema.org","@graph":[{"@type":"WebPage","@id":"https:\/\/organonpro.com\/es-ar\/aviso\/","url":"https:\/\/organonpro.com\/es-ar\/aviso\/","name":"Aviso de privacidad - Organon Pro - Argentina","isPartOf":{"@id":"https:\/\/organonpro.com\/es-ar\/#website"},"datePublished":"2022-09-06T08:05:27+00:00","dateModified":"2024-07-08T12:03:13+00:00","breadcrumb":{"@id":"https:\/\/organonpro.com\/es-ar\/aviso\/#breadcrumb"},"inLanguage":"en-US","potentialAction":[{"@type":"ReadAction","target":["https:\/\/organonpro.com\/es-ar\/aviso\/"]}]},{"@type":"BreadcrumbList","@id":"https:\/\/organonpro.com\/es-ar\/aviso\/#breadcrumb","itemListElement":[{"@type":"ListItem","position":1,"name":"Home","item":"https:\/\/organonpro.com\/es-ar\/"},{"@type":"ListItem","position":2,"name":"Aviso de privacidad"}]},{"@type":"WebSite","@id":"https:\/\/organonpro.com\/es-ar\/#website","url":"https:\/\/organonpro.com\/es-ar\/","name":"Organon Pro Argentina","description":"OrganonPro - Argentina","potentialAction":[{"@type":"SearchAction","target":{"@type":"EntryPoint","urlTemplate":"https:\/\/organonpro.com\/es-ar\/?s={search_term_string}"},"query-input":{"@type":"PropertyValueSpecification","valueRequired":true,"valueName":"search_term_string"}}],"inLanguage":"en-US"}]}},"_links":{"self":[{"href":"https:\/\/organonpro.com\/es-ar\/wp-json\/wp\/v2\/pages\/35","targetHints":{"allow":["GET"]}}],"collection":[{"href":"https:\/\/organonpro.com\/es-ar\/wp-json\/wp\/v2\/pages"}],"about":[{"href":"https:\/\/organonpro.com\/es-ar\/wp-json\/wp\/v2\/types\/page"}],"author":[{"embeddable":true,"href":"https:\/\/organonpro.com\/es-ar\/wp-json\/wp\/v2\/users\/15"}],"replies":[{"embeddable":true,"href":"https:\/\/organonpro.com\/es-ar\/wp-json\/wp\/v2\/comments?post=35"}],"version-history":[{"count":7,"href":"https:\/\/organonpro.com\/es-ar\/wp-json\/wp\/v2\/pages\/35\/revisions"}],"predecessor-version":[{"id":4695,"href":"https:\/\/organonpro.com\/es-ar\/wp-json\/wp\/v2\/pages\/35\/revisions\/4695"}],"wp:attachment":[{"href":"https:\/\/organonpro.com\/es-ar\/wp-json\/wp\/v2\/media?parent=35"}],"curies":[{"name":"wp","href":"https:\/\/api.w.org\/{rel}","templated":true}]}}