{"id":503,"date":"2022-05-20T11:07:53","date_gmt":"2022-05-20T11:07:53","guid":{"rendered":"https:\/\/organonpro.com\/de-ch\/?page_id=503"},"modified":"2024-08-05T11:51:01","modified_gmt":"2024-08-05T11:51:01","slug":"home","status":"publish","type":"page","link":"https:\/\/organonpro.com\/de-ch\/","title":{"rendered":"Home"},"content":{"rendered":"\n<section class=\"splits splits-ratio splits-half splits-pill splits-reverse ungated\" style=\"background-color:#ffffff\"><div class=\"container\"><div class=\"splits-row row\"><div class=\"splits-figure kdk   col-md-6 col-sm-6 \"><div class=\"splits-figure__bg ab\" style=\"background-image:url(https:\/\/organonpro.com\/de-ch\/wp-content\/uploads\/sites\/9\/2022\/10\/Aerzt_und_apotheke.webp)\"><\/div><\/div><div class=\"splits-area ka  col-md-6 col-sm-6\"><div class=\"splits-content cd\"><h2 class=\"splits-heading\"><span style=\"color:#e20177\" class=\"tadv-color\">WILLKOMMEN BEI ORGANON PRO SCHWEIZ<\/span><\/h2><p class=\"splits-text\">Die Organon Plattform f\u00fcr \u00c4rzt:innen und Apotheker:innen: Wertvolle Produktinformationen und Service-Mehrwert in den Bereichen Frauengesundheit, Fertilit\u00e4t, Biosimilars und Etablierte Produkte.<\/p><div class=\"splits-button herobannerblock\"><div class=\"ungated\"><\/div><\/div><\/div><\/div><\/div><\/div><\/section>\n\n\n\n<section class=\"splits splits-ratio splits-half splits-pill  isgated\" style=\"background-color:#ffffff\"><div class=\"container\"><div class=\"splits-row row\"><div class=\"splits-figure kdk   col-md-6 col-sm-6 \"><div class=\"splits-figure__bg ab\" style=\"background-image:url(https:\/\/organonpro.com\/de-ch\/wp-content\/uploads\/sites\/9\/2022\/10\/Frauengesundheit.webp)\"><\/div><\/div><div class=\"splits-area ka  col-md-6 col-sm-6\"><div class=\"splits-content cd\"><h2 class=\"splits-heading\"><span style=\"color:#e20177\" class=\"tadv-color\">ORGANON IN SCHWEIZ<\/span><\/h2><p class=\"splits-text\">F\u00fcr ein besseres und ges\u00fcnderes Leben &#8211; jeden Tag f\u00fcr jede Frau<\/p><div class=\"splits-button herobannerblock\"><div class=\"gated\"><\/div><\/div><\/div><\/div><\/div><\/div><\/section>\n\n\n\n<div style=\"height:100px\" aria-hidden=\"true\" class=\"wp-block-spacer\"><\/div>\n\n\n    <input type=\"hidden\" name=\"pagination_item_per_page\" id=\"pagination_item_per_page\" value=\"9\" \/>\n    <input type=\"hidden\" name=\"show_pagination_generic\" id=\"show_pagination_generic\" value=\"\" \/>\n        <section class=\"event-cards generic-cards generic-card-homepage-mt24 generic-additional-generic-cards-block_71ebc3a940270242f2fd2b861fd3c20d\" id=\"generic-cards-block_71ebc3a940270242f2fd2b861fd3c20d\">\n                <div class=\"container\">\n                        <div class=\"row\" id=\"allgenericcards\">\n                                        <div class=\"col-xl-4 col-md-6 col-sm-6 genericcardlisting\">\n                                                            <a class=\" w-100 d-flex\" href=\"https:\/\/organonpro.com\/de-ch\/medizin-wissenschaft\/allergologie-dermatologie\/\">\n                                                                                                                                    <div class=\"event-card card   ungated\">\n                                                                                    <div class=\"card-image \">\n                                                <img decoding=\"async\" width=\"335\" height=\"223\" src=\"https:\/\/organonpro.com\/de-ch\/wp-content\/uploads\/sites\/9\/2022\/10\/kardi2-1.png?w=335\" class=\"\" alt=\"\" loading=\"lazy\" srcset=\"https:\/\/organonpro.com\/de-ch\/wp-content\/uploads\/sites\/9\/2022\/10\/kardi2-1.png 600w, https:\/\/organonpro.com\/de-ch\/wp-content\/uploads\/sites\/9\/2022\/10\/kardi2-1.png?resize=300,200 300w, https:\/\/organonpro.com\/de-ch\/wp-content\/uploads\/sites\/9\/2022\/10\/kardi2-1.png?resize=189,126 189w, https:\/\/organonpro.com\/de-ch\/wp-content\/uploads\/sites\/9\/2022\/10\/kardi2-1.png?resize=390,260 390w, https:\/\/organonpro.com\/de-ch\/wp-content\/uploads\/sites\/9\/2022\/10\/kardi2-1.png?resize=375,250 375w, https:\/\/organonpro.com\/de-ch\/wp-content\/uploads\/sites\/9\/2022\/10\/kardi2-1.png?resize=150,100 150w, https:\/\/organonpro.com\/de-ch\/wp-content\/uploads\/sites\/9\/2022\/10\/kardi2-1.png?resize=335,223 335w, https:\/\/organonpro.com\/de-ch\/wp-content\/uploads\/sites\/9\/2022\/10\/kardi2-1.png?resize=100,67 100w, https:\/\/organonpro.com\/de-ch\/wp-content\/uploads\/sites\/9\/2022\/10\/kardi2-1.png?resize=237,158 237w, https:\/\/organonpro.com\/de-ch\/wp-content\/uploads\/sites\/9\/2022\/10\/kardi2-1.png?resize=64,43 64w, https:\/\/organonpro.com\/de-ch\/wp-content\/uploads\/sites\/9\/2022\/10\/kardi2-1.png?resize=519,346 519w, https:\/\/organonpro.com\/de-ch\/wp-content\/uploads\/sites\/9\/2022\/10\/kardi2-1.png?resize=120,80 120w, https:\/\/organonpro.com\/de-ch\/wp-content\/uploads\/sites\/9\/2022\/10\/kardi2-1.png?resize=146,97 146w, https:\/\/organonpro.com\/de-ch\/wp-content\/uploads\/sites\/9\/2022\/10\/kardi2-1.png?resize=188,125 188w, https:\/\/organonpro.com\/de-ch\/wp-content\/uploads\/sites\/9\/2022\/10\/kardi2-1.png?resize=396,264 396w\" sizes=\"auto, (max-width: 335px) 100vw, 335px\" \/>                                            <\/div>\n                                                                                <div class=\" card-details-div\">\n                                                                                            <div class=\"card-body\">\n                                                                                                            <h2 class=\"card-title sortme\">\n                                                            Allergologie-Dermatologie                                                         <\/h2>\n                                                                                                                                                        <\/div>\n                                                                                                                                <\/div>\n                                    <\/div>\n                                                                                                <\/a>\n                                                    <\/div>\n                                            <div class=\"col-xl-4 col-md-6 col-sm-6 genericcardlisting\">\n                                                            <a class=\" w-100 d-flex\" href=\"https:\/\/organonpro.com\/de-ch\/medizin-wissenschaft\/gynakologie\/\">\n                                                                                                                                    <div class=\"event-card card   ungated\">\n                                                                                    <div class=\"card-image \">\n                                                <img decoding=\"async\" width=\"335\" height=\"223\" src=\"https:\/\/organonpro.com\/de-ch\/wp-content\/uploads\/sites\/9\/2022\/10\/gine1-1.png?w=335\" class=\"\" alt=\"\" loading=\"lazy\" srcset=\"https:\/\/organonpro.com\/de-ch\/wp-content\/uploads\/sites\/9\/2022\/10\/gine1-1.png 600w, https:\/\/organonpro.com\/de-ch\/wp-content\/uploads\/sites\/9\/2022\/10\/gine1-1.png?resize=300,200 300w, https:\/\/organonpro.com\/de-ch\/wp-content\/uploads\/sites\/9\/2022\/10\/gine1-1.png?resize=189,126 189w, https:\/\/organonpro.com\/de-ch\/wp-content\/uploads\/sites\/9\/2022\/10\/gine1-1.png?resize=390,260 390w, https:\/\/organonpro.com\/de-ch\/wp-content\/uploads\/sites\/9\/2022\/10\/gine1-1.png?resize=375,250 375w, https:\/\/organonpro.com\/de-ch\/wp-content\/uploads\/sites\/9\/2022\/10\/gine1-1.png?resize=150,100 150w, https:\/\/organonpro.com\/de-ch\/wp-content\/uploads\/sites\/9\/2022\/10\/gine1-1.png?resize=335,223 335w, https:\/\/organonpro.com\/de-ch\/wp-content\/uploads\/sites\/9\/2022\/10\/gine1-1.png?resize=100,67 100w, https:\/\/organonpro.com\/de-ch\/wp-content\/uploads\/sites\/9\/2022\/10\/gine1-1.png?resize=237,158 237w, https:\/\/organonpro.com\/de-ch\/wp-content\/uploads\/sites\/9\/2022\/10\/gine1-1.png?resize=64,43 64w, https:\/\/organonpro.com\/de-ch\/wp-content\/uploads\/sites\/9\/2022\/10\/gine1-1.png?resize=519,346 519w, https:\/\/organonpro.com\/de-ch\/wp-content\/uploads\/sites\/9\/2022\/10\/gine1-1.png?resize=120,80 120w, https:\/\/organonpro.com\/de-ch\/wp-content\/uploads\/sites\/9\/2022\/10\/gine1-1.png?resize=146,97 146w, https:\/\/organonpro.com\/de-ch\/wp-content\/uploads\/sites\/9\/2022\/10\/gine1-1.png?resize=188,125 188w, https:\/\/organonpro.com\/de-ch\/wp-content\/uploads\/sites\/9\/2022\/10\/gine1-1.png?resize=396,264 396w\" sizes=\"auto, (max-width: 335px) 100vw, 335px\" \/>                                            <\/div>\n                                                                                <div class=\" card-details-div\">\n                                                                                            <div class=\"card-body\">\n                                                                                                            <h2 class=\"card-title sortme\">\n                                                            Gyn\u00e4kologie                                                        <\/h2>\n                                                                                                                                                        <\/div>\n                                                                                                                                <\/div>\n                                    <\/div>\n                                                                                                <\/a>\n                                                    <\/div>\n                                            <div class=\"col-xl-4 col-md-6 col-sm-6 genericcardlisting\">\n                                                            <a class=\" w-100 d-flex\" href=\"https:\/\/organonpro.com\/de-ch\/medizin-wissenschaft\/kardiovaskulare-erkrankungen\/\">\n                                                                                                                                    <div class=\"event-card card   ungated\">\n                                                                                    <div class=\"card-image \">\n                                                <img decoding=\"async\" width=\"335\" height=\"223\" src=\"https:\/\/organonpro.com\/de-ch\/wp-content\/uploads\/sites\/9\/2022\/10\/dermo3-1.png?w=335\" class=\"\" alt=\"\" loading=\"lazy\" srcset=\"https:\/\/organonpro.com\/de-ch\/wp-content\/uploads\/sites\/9\/2022\/10\/dermo3-1.png 600w, https:\/\/organonpro.com\/de-ch\/wp-content\/uploads\/sites\/9\/2022\/10\/dermo3-1.png?resize=300,200 300w, https:\/\/organonpro.com\/de-ch\/wp-content\/uploads\/sites\/9\/2022\/10\/dermo3-1.png?resize=189,126 189w, https:\/\/organonpro.com\/de-ch\/wp-content\/uploads\/sites\/9\/2022\/10\/dermo3-1.png?resize=390,260 390w, https:\/\/organonpro.com\/de-ch\/wp-content\/uploads\/sites\/9\/2022\/10\/dermo3-1.png?resize=375,250 375w, https:\/\/organonpro.com\/de-ch\/wp-content\/uploads\/sites\/9\/2022\/10\/dermo3-1.png?resize=150,100 150w, https:\/\/organonpro.com\/de-ch\/wp-content\/uploads\/sites\/9\/2022\/10\/dermo3-1.png?resize=335,223 335w, https:\/\/organonpro.com\/de-ch\/wp-content\/uploads\/sites\/9\/2022\/10\/dermo3-1.png?resize=100,67 100w, https:\/\/organonpro.com\/de-ch\/wp-content\/uploads\/sites\/9\/2022\/10\/dermo3-1.png?resize=237,158 237w, https:\/\/organonpro.com\/de-ch\/wp-content\/uploads\/sites\/9\/2022\/10\/dermo3-1.png?resize=64,43 64w, https:\/\/organonpro.com\/de-ch\/wp-content\/uploads\/sites\/9\/2022\/10\/dermo3-1.png?resize=519,346 519w, https:\/\/organonpro.com\/de-ch\/wp-content\/uploads\/sites\/9\/2022\/10\/dermo3-1.png?resize=120,80 120w, https:\/\/organonpro.com\/de-ch\/wp-content\/uploads\/sites\/9\/2022\/10\/dermo3-1.png?resize=146,97 146w, https:\/\/organonpro.com\/de-ch\/wp-content\/uploads\/sites\/9\/2022\/10\/dermo3-1.png?resize=188,125 188w, https:\/\/organonpro.com\/de-ch\/wp-content\/uploads\/sites\/9\/2022\/10\/dermo3-1.png?resize=396,264 396w\" sizes=\"auto, (max-width: 335px) 100vw, 335px\" \/>                                            <\/div>\n                                                                                <div class=\" card-details-div\">\n                                                                                            <div class=\"card-body\">\n                                                                                                            <h2 class=\"card-title sortme\">\n                                                            Kardiovaskul\u00e4re  Erkrankungen                                                        <\/h2>\n                                                                                                                                                        <\/div>\n                                                                                                                                <\/div>\n                                    <\/div>\n                                                                                                <\/a>\n                                                    <\/div>\n                                                    \n            <\/div>\n        <\/div>\n    <\/section>\n\n\n\n<section class=\"wp-block-orc2-secondary-hero-banner secondary-hero-section secondary-hero-section-0285b27a-452e-45a1-8b25-a03f99e3d4f2\"><style>.secondary-hero-section-0285b27a-452e-45a1-8b25-a03f99e3d4f2{margin-top:0rem; margin-bottom:0rem;} .secondary-hero-section-0285b27a-452e-45a1-8b25-a03f99e3d4f2 .product-hero.half-secondary .product-hero__panel{padding-top:2.8rem; padding-bottom:2.8rem;} @media screen and (min-width: 320px) and (max-width: 759px) {.secondary-hero-section-0285b27a-452e-45a1-8b25-a03f99e3d4f2{margin-top:0rem; margin-bottom:0rem;} .secondary-hero-section-0285b27a-452e-45a1-8b25-a03f99e3d4f2 .product-hero.half-secondary .product-hero__panel{padding-top:2.8rem; padding-bottom:2.8rem;} .hideBannerImage{background-image:none!important;}}<\/style><div class=\"product-hero  half-secondary  \" style=\"background-color:;background-image:url(https:\/\/organonpro.com\/de-ch\/wp-content\/uploads\/sites\/9\/2023\/10\/AdobeStock_420234636.jpeg)\"><div class=\"container\"><div class=\"row\"><div class=\"product-hero__panel\"><div class=\"product-hero__title\"><h1 class=\"hero-title-text\"><strong>Feedback zu unerw\u00fcnschten Ereignissen<\/strong><\/h1><\/div><div class=\"secondary-button\"><a href=\"https:\/\/organonpro.com\/de-ch\/feedback-zu-unerwunschten-ereignissen\/\" class=\"btn btn-theme\">Meldung unerw\u00fcnschter Ereignisse<\/a><\/div><\/div><\/div><\/div><\/div><\/section>\n","protected":false},"excerpt":{"rendered":"","protected":false},"author":11,"featured_media":1523,"parent":0,"menu_order":0,"comment_status":"closed","ping_status":"closed","template":"templates\/home.php","meta":{"_acf_changed":false,"footnotes":""},"class_list":["post-503","page","type-page","status-publish","has-post-thumbnail","hentry"],"acf":[],"yoast_head":"<!-- This site is optimized with the Yoast SEO Premium plugin v20.11 (Yoast SEO v26.6) - https:\/\/yoast.com\/wordpress\/plugins\/seo\/ -->\n<title>Willkommen bei Organon Pro Switzerland \u2013 Unser Portal f\u00fcr Sie als Gesundheitsexperte.<\/title>\n<meta name=\"description\" content=\"Die Organon Plattform f\u00fcr \u00c4rzt:innen und Apotheker:innen: Wertvolle Produktinformationen und Service-Mehrwert in den Bereichen Frauengesundheit, Fertilit\u00e4t, Dermatologie, Empf\u00e4ngnisverh\u00fctung, Menopause, Herz-Kreislauf, Schmerztherapie und Biosimilars.\" \/>\n<meta name=\"robots\" content=\"index, follow, max-snippet:-1, max-image-preview:large, max-video-preview:-1\" \/>\n<link rel=\"canonical\" href=\"https:\/\/organonpro.com\/de-ch\/\" \/>\n<meta property=\"og:locale\" content=\"en_US\" \/>\n<meta property=\"og:type\" content=\"article\" \/>\n<meta property=\"og:title\" content=\"Home\" \/>\n<meta property=\"og:description\" content=\"Die Organon Plattform f\u00fcr \u00c4rzt:innen und Apotheker:innen: Wertvolle Produktinformationen und Service-Mehrwert in den Bereichen Frauengesundheit, Fertilit\u00e4t, Dermatologie, Empf\u00e4ngnisverh\u00fctung, Menopause, Herz-Kreislauf, Schmerztherapie und Biosimilars.\" \/>\n<meta property=\"og:url\" content=\"https:\/\/organonpro.com\/de-ch\/\" \/>\n<meta property=\"og:site_name\" content=\"Organon Pro - Switzerland\" \/>\n<meta property=\"article:modified_time\" content=\"2024-08-05T11:51:01+00:00\" \/>\n<meta property=\"og:image\" content=\"https:\/\/organonpro.com\/de-ch\/wp-content\/uploads\/sites\/9\/2023\/08\/Innovation.png\" \/>\n\t<meta property=\"og:image:width\" content=\"4001\" \/>\n\t<meta property=\"og:image:height\" content=\"3001\" \/>\n\t<meta property=\"og:image:type\" content=\"image\/png\" \/>\n<meta name=\"twitter:card\" content=\"summary_large_image\" \/>\n<meta name=\"twitter:label1\" content=\"Est. reading time\" \/>\n\t<meta name=\"twitter:data1\" content=\"1 minute\" \/>\n<script type=\"application\/ld+json\" class=\"yoast-schema-graph\">{\"@context\":\"https:\/\/schema.org\",\"@graph\":[{\"@type\":\"WebPage\",\"@id\":\"https:\/\/organonpro.com\/de-ch\/\",\"url\":\"https:\/\/organonpro.com\/de-ch\/\",\"name\":\"Willkommen bei Organon Pro Switzerland \u2013 Unser Portal f\u00fcr Sie als Gesundheitsexperte.\",\"isPartOf\":{\"@id\":\"https:\/\/organonpro.com\/de-ch\/#website\"},\"primaryImageOfPage\":{\"@id\":\"https:\/\/organonpro.com\/de-ch\/#primaryimage\"},\"image\":{\"@id\":\"https:\/\/organonpro.com\/de-ch\/#primaryimage\"},\"thumbnailUrl\":\"https:\/\/organonpro.com\/de-ch\/wp-content\/uploads\/sites\/9\/2023\/08\/Innovation.png\",\"datePublished\":\"2022-05-20T11:07:53+00:00\",\"dateModified\":\"2024-08-05T11:51:01+00:00\",\"description\":\"Die Organon Plattform f\u00fcr \u00c4rzt:innen und Apotheker:innen: Wertvolle Produktinformationen und Service-Mehrwert in den Bereichen Frauengesundheit, Fertilit\u00e4t, Dermatologie, Empf\u00e4ngnisverh\u00fctung, Menopause, Herz-Kreislauf, Schmerztherapie und Biosimilars.\",\"breadcrumb\":{\"@id\":\"https:\/\/organonpro.com\/de-ch\/#breadcrumb\"},\"inLanguage\":\"en-US\",\"potentialAction\":[{\"@type\":\"ReadAction\",\"target\":[\"https:\/\/organonpro.com\/de-ch\/\"]}]},{\"@type\":\"ImageObject\",\"inLanguage\":\"en-US\",\"@id\":\"https:\/\/organonpro.com\/de-ch\/#primaryimage\",\"url\":\"https:\/\/organonpro.com\/de-ch\/wp-content\/uploads\/sites\/9\/2023\/08\/Innovation.png\",\"contentUrl\":\"https:\/\/organonpro.com\/de-ch\/wp-content\/uploads\/sites\/9\/2023\/08\/Innovation.png\",\"width\":4001,\"height\":3001},{\"@type\":\"BreadcrumbList\",\"@id\":\"https:\/\/organonpro.com\/de-ch\/#breadcrumb\",\"itemListElement\":[{\"@type\":\"ListItem\",\"position\":1,\"name\":\"Startseite\",\"item\":\"https:\/\/organonpro.com\/de-ch\/\"},{\"@type\":\"ListItem\",\"position\":2,\"name\":\"Home\"}]},{\"@type\":\"WebSite\",\"@id\":\"https:\/\/organonpro.com\/de-ch\/#website\",\"url\":\"https:\/\/organonpro.com\/de-ch\/\",\"name\":\"Organon Pro - Switzerland\",\"description\":\"Organon Pro - Switzerland\",\"publisher\":{\"@id\":\"https:\/\/organonpro.com\/de-ch\/#organization\"},\"potentialAction\":[{\"@type\":\"SearchAction\",\"target\":{\"@type\":\"EntryPoint\",\"urlTemplate\":\"https:\/\/organonpro.com\/de-ch\/?s={search_term_string}\"},\"query-input\":{\"@type\":\"PropertyValueSpecification\",\"valueRequired\":true,\"valueName\":\"search_term_string\"}}],\"inLanguage\":\"en-US\"},{\"@type\":\"Organization\",\"@id\":\"https:\/\/organonpro.com\/de-ch\/#organization\",\"name\":\"Organon Pro - Switzerland\",\"url\":\"https:\/\/organonpro.com\/de-ch\/\",\"logo\":{\"@type\":\"ImageObject\",\"inLanguage\":\"en-US\",\"@id\":\"https:\/\/organonpro.com\/de-ch\/#\/schema\/logo\/image\/\",\"url\":\"https:\/\/organonpro.com\/de-ch\/wp-content\/uploads\/sites\/9\/2022\/10\/MicrosoftTeams-image-7.webp\",\"contentUrl\":\"https:\/\/organonpro.com\/de-ch\/wp-content\/uploads\/sites\/9\/2022\/10\/MicrosoftTeams-image-7.webp\",\"width\":2269,\"height\":243,\"caption\":\"Organon Pro - Switzerland\"},\"image\":{\"@id\":\"https:\/\/organonpro.com\/de-ch\/#\/schema\/logo\/image\/\"}}]}<\/script>\n<!-- \/ Yoast SEO Premium plugin. -->","yoast_head_json":{"title":"Willkommen bei Organon Pro Switzerland \u2013 Unser Portal f\u00fcr Sie als Gesundheitsexperte.","description":"Die Organon Plattform f\u00fcr \u00c4rzt:innen und Apotheker:innen: Wertvolle Produktinformationen und Service-Mehrwert in den Bereichen Frauengesundheit, Fertilit\u00e4t, Dermatologie, Empf\u00e4ngnisverh\u00fctung, Menopause, Herz-Kreislauf, Schmerztherapie und Biosimilars.","robots":{"index":"index","follow":"follow","max-snippet":"max-snippet:-1","max-image-preview":"max-image-preview:large","max-video-preview":"max-video-preview:-1"},"canonical":"https:\/\/organonpro.com\/de-ch\/","og_locale":"en_US","og_type":"article","og_title":"Home","og_description":"Die Organon Plattform f\u00fcr \u00c4rzt:innen und Apotheker:innen: Wertvolle Produktinformationen und Service-Mehrwert in den Bereichen Frauengesundheit, Fertilit\u00e4t, Dermatologie, Empf\u00e4ngnisverh\u00fctung, Menopause, Herz-Kreislauf, Schmerztherapie und Biosimilars.","og_url":"https:\/\/organonpro.com\/de-ch\/","og_site_name":"Organon Pro - Switzerland","article_modified_time":"2024-08-05T11:51:01+00:00","og_image":[{"width":4001,"height":3001,"url":"https:\/\/organonpro.com\/de-ch\/wp-content\/uploads\/sites\/9\/2023\/08\/Innovation.png","type":"image\/png"}],"twitter_card":"summary_large_image","twitter_misc":{"Est. reading time":"1 minute"},"schema":{"@context":"https:\/\/schema.org","@graph":[{"@type":"WebPage","@id":"https:\/\/organonpro.com\/de-ch\/","url":"https:\/\/organonpro.com\/de-ch\/","name":"Willkommen bei Organon Pro Switzerland \u2013 Unser Portal f\u00fcr Sie als Gesundheitsexperte.","isPartOf":{"@id":"https:\/\/organonpro.com\/de-ch\/#website"},"primaryImageOfPage":{"@id":"https:\/\/organonpro.com\/de-ch\/#primaryimage"},"image":{"@id":"https:\/\/organonpro.com\/de-ch\/#primaryimage"},"thumbnailUrl":"https:\/\/organonpro.com\/de-ch\/wp-content\/uploads\/sites\/9\/2023\/08\/Innovation.png","datePublished":"2022-05-20T11:07:53+00:00","dateModified":"2024-08-05T11:51:01+00:00","description":"Die Organon Plattform f\u00fcr \u00c4rzt:innen und Apotheker:innen: Wertvolle Produktinformationen und Service-Mehrwert in den Bereichen Frauengesundheit, Fertilit\u00e4t, Dermatologie, Empf\u00e4ngnisverh\u00fctung, Menopause, Herz-Kreislauf, Schmerztherapie und Biosimilars.","breadcrumb":{"@id":"https:\/\/organonpro.com\/de-ch\/#breadcrumb"},"inLanguage":"en-US","potentialAction":[{"@type":"ReadAction","target":["https:\/\/organonpro.com\/de-ch\/"]}]},{"@type":"ImageObject","inLanguage":"en-US","@id":"https:\/\/organonpro.com\/de-ch\/#primaryimage","url":"https:\/\/organonpro.com\/de-ch\/wp-content\/uploads\/sites\/9\/2023\/08\/Innovation.png","contentUrl":"https:\/\/organonpro.com\/de-ch\/wp-content\/uploads\/sites\/9\/2023\/08\/Innovation.png","width":4001,"height":3001},{"@type":"BreadcrumbList","@id":"https:\/\/organonpro.com\/de-ch\/#breadcrumb","itemListElement":[{"@type":"ListItem","position":1,"name":"Startseite","item":"https:\/\/organonpro.com\/de-ch\/"},{"@type":"ListItem","position":2,"name":"Home"}]},{"@type":"WebSite","@id":"https:\/\/organonpro.com\/de-ch\/#website","url":"https:\/\/organonpro.com\/de-ch\/","name":"Organon Pro - Switzerland","description":"Organon Pro - Switzerland","publisher":{"@id":"https:\/\/organonpro.com\/de-ch\/#organization"},"potentialAction":[{"@type":"SearchAction","target":{"@type":"EntryPoint","urlTemplate":"https:\/\/organonpro.com\/de-ch\/?s={search_term_string}"},"query-input":{"@type":"PropertyValueSpecification","valueRequired":true,"valueName":"search_term_string"}}],"inLanguage":"en-US"},{"@type":"Organization","@id":"https:\/\/organonpro.com\/de-ch\/#organization","name":"Organon Pro - Switzerland","url":"https:\/\/organonpro.com\/de-ch\/","logo":{"@type":"ImageObject","inLanguage":"en-US","@id":"https:\/\/organonpro.com\/de-ch\/#\/schema\/logo\/image\/","url":"https:\/\/organonpro.com\/de-ch\/wp-content\/uploads\/sites\/9\/2022\/10\/MicrosoftTeams-image-7.webp","contentUrl":"https:\/\/organonpro.com\/de-ch\/wp-content\/uploads\/sites\/9\/2022\/10\/MicrosoftTeams-image-7.webp","width":2269,"height":243,"caption":"Organon Pro - Switzerland"},"image":{"@id":"https:\/\/organonpro.com\/de-ch\/#\/schema\/logo\/image\/"}}]}},"_links":{"self":[{"href":"https:\/\/organonpro.com\/de-ch\/wp-json\/wp\/v2\/pages\/503","targetHints":{"allow":["GET"]}}],"collection":[{"href":"https:\/\/organonpro.com\/de-ch\/wp-json\/wp\/v2\/pages"}],"about":[{"href":"https:\/\/organonpro.com\/de-ch\/wp-json\/wp\/v2\/types\/page"}],"author":[{"embeddable":true,"href":"https:\/\/organonpro.com\/de-ch\/wp-json\/wp\/v2\/users\/11"}],"replies":[{"embeddable":true,"href":"https:\/\/organonpro.com\/de-ch\/wp-json\/wp\/v2\/comments?post=503"}],"version-history":[{"count":41,"href":"https:\/\/organonpro.com\/de-ch\/wp-json\/wp\/v2\/pages\/503\/revisions"}],"predecessor-version":[{"id":2021,"href":"https:\/\/organonpro.com\/de-ch\/wp-json\/wp\/v2\/pages\/503\/revisions\/2021"}],"wp:featuredmedia":[{"embeddable":true,"href":"https:\/\/organonpro.com\/de-ch\/wp-json\/wp\/v2\/media\/1523"}],"wp:attachment":[{"href":"https:\/\/organonpro.com\/de-ch\/wp-json\/wp\/v2\/media?parent=503"}],"curies":[{"name":"wp","href":"https:\/\/api.w.org\/{rel}","templated":true}]}}