{"id":594,"date":"2024-11-26T09:44:47","date_gmt":"2024-11-26T09:44:47","guid":{"rendered":"https:\/\/vip-organon-connect-com.go-vip.net\/dk-da\/?page_id=594"},"modified":"2025-02-18T08:25:52","modified_gmt":"2025-02-18T08:25:52","slug":"quick-consent-confirmation","status":"publish","type":"page","link":"https:\/\/organonpro.com\/da-dk\/quick-consent-confirmation\/","title":{"rendered":"Tak for din tilmelding!"},"content":{"rendered":"\n<p class=\"has-text-align-center\"><strong>Du har succesfuldt tilmeldt dig til at modtage opdateringer fra os.<\/strong><\/p>\n\n\n\n<p class=\"has-text-align-center\">Hvis du har sp\u00f8rgsm\u00e5l eller har brug for yderligere hj\u00e6lp, er du velkommen til at kontakte en af vores repr\u00e6sentanter nedenfor.<\/p>\n\n\n\n<div class=\"wp-block-buttons is-content-justification-center is-layout-flex wp-container-core-buttons-is-layout-16018d1d wp-block-buttons-is-layout-flex\">\n<div class=\"wp-block-button\"><a class=\"wp-block-button__link has-white-color has-text-color has-background has-link-color wp-element-button\" href=\"https:\/\/organonpro.com\/da-dk\/contact-us\/\" style=\"background-color:#e20177\">Kontakt os<\/a><\/div>\n<\/div>\n\n\n\n<p class=\"has-white-color has-text-color has-link-color wp-elements-c645e628e62f8fbab9d9726851472d16\"><\/p>\n\n\n\n<p><\/p>\n","protected":false},"excerpt":{"rendered":"<p>Du har succesfuldt tilmeldt dig til at modtage opdateringer fra os. Hvis du har sp\u00f8rgsm\u00e5l eller har brug for yderligere hj\u00e6lp, er du velkommen til at kontakte en af vores repr\u00e6sentanter nedenfor.<\/p>\n","protected":false},"author":109,"featured_media":0,"parent":0,"menu_order":0,"comment_status":"closed","ping_status":"closed","template":"templates\/customer-service-form.php","meta":{"_acf_changed":false,"footnotes":""},"class_list":["post-594","page","type-page","status-publish","hentry"],"acf":[],"yoast_head":"<!-- This site is optimized with the Yoast SEO Premium plugin v20.11 (Yoast SEO v26.6) - https:\/\/yoast.com\/wordpress\/plugins\/seo\/ -->\n<title>Tak for din tilmelding! - Organon Pro - Denmark<\/title>\n<meta name=\"robots\" content=\"index, follow, max-snippet:-1, max-image-preview:large, max-video-preview:-1\" \/>\n<link rel=\"canonical\" href=\"https:\/\/organonpro.com\/da-dk\/quick-consent-confirmation\/\" \/>\n<meta property=\"og:locale\" content=\"en_US\" \/>\n<meta property=\"og:type\" content=\"article\" \/>\n<meta property=\"og:title\" content=\"Tak for din tilmelding!\" \/>\n<meta property=\"og:description\" content=\"Du har succesfuldt tilmeldt dig til at modtage opdateringer fra os. Hvis du har sp\u00f8rgsm\u00e5l eller har brug for yderligere hj\u00e6lp, er du velkommen til at kontakte en af vores repr\u00e6sentanter nedenfor.\" \/>\n<meta property=\"og:url\" content=\"https:\/\/organonpro.com\/da-dk\/quick-consent-confirmation\/\" \/>\n<meta property=\"og:site_name\" content=\"Organon Pro - Denmark\" \/>\n<meta property=\"article:modified_time\" content=\"2025-02-18T08:25:52+00:00\" \/>\n<meta property=\"og:image\" content=\"https:\/\/organonpro.com\/da-dk\/wp-content\/uploads\/sites\/35\/2022\/12\/organon-pro-og-img.png\" \/>\n\t<meta property=\"og:image:width\" content=\"1200\" \/>\n\t<meta property=\"og:image:height\" content=\"630\" \/>\n\t<meta property=\"og:image:type\" content=\"image\/png\" \/>\n<meta name=\"twitter:card\" content=\"summary_large_image\" \/>\n<meta name=\"twitter:label1\" content=\"Est. reading time\" \/>\n\t<meta name=\"twitter:data1\" content=\"1 minute\" \/>\n<script type=\"application\/ld+json\" class=\"yoast-schema-graph\">{\"@context\":\"https:\/\/schema.org\",\"@graph\":[{\"@type\":\"WebPage\",\"@id\":\"https:\/\/organonpro.com\/da-dk\/quick-consent-confirmation\/\",\"url\":\"https:\/\/organonpro.com\/da-dk\/quick-consent-confirmation\/\",\"name\":\"Tak for din tilmelding! - Organon Pro - Denmark\",\"isPartOf\":{\"@id\":\"https:\/\/organonpro.com\/da-dk\/#website\"},\"datePublished\":\"2024-11-26T09:44:47+00:00\",\"dateModified\":\"2025-02-18T08:25:52+00:00\",\"breadcrumb\":{\"@id\":\"https:\/\/organonpro.com\/da-dk\/quick-consent-confirmation\/#breadcrumb\"},\"inLanguage\":\"en-US\",\"potentialAction\":[{\"@type\":\"ReadAction\",\"target\":[\"https:\/\/organonpro.com\/da-dk\/quick-consent-confirmation\/\"]}]},{\"@type\":\"BreadcrumbList\",\"@id\":\"https:\/\/organonpro.com\/da-dk\/quick-consent-confirmation\/#breadcrumb\",\"itemListElement\":[{\"@type\":\"ListItem\",\"position\":1,\"name\":\"Home\",\"item\":\"https:\/\/organonpro.com\/da-dk\/\"},{\"@type\":\"ListItem\",\"position\":2,\"name\":\"Tak for din tilmelding!\"}]},{\"@type\":\"WebSite\",\"@id\":\"https:\/\/organonpro.com\/da-dk\/#website\",\"url\":\"https:\/\/organonpro.com\/da-dk\/\",\"name\":\"Organon Pro - Denmark\",\"description\":\"Organon Pro - Denmark\",\"potentialAction\":[{\"@type\":\"SearchAction\",\"target\":{\"@type\":\"EntryPoint\",\"urlTemplate\":\"https:\/\/organonpro.com\/da-dk\/?s={search_term_string}\"},\"query-input\":{\"@type\":\"PropertyValueSpecification\",\"valueRequired\":true,\"valueName\":\"search_term_string\"}}],\"inLanguage\":\"en-US\"}]}<\/script>\n<!-- \/ Yoast SEO Premium plugin. -->","yoast_head_json":{"title":"Tak for din tilmelding! - Organon Pro - Denmark","robots":{"index":"index","follow":"follow","max-snippet":"max-snippet:-1","max-image-preview":"max-image-preview:large","max-video-preview":"max-video-preview:-1"},"canonical":"https:\/\/organonpro.com\/da-dk\/quick-consent-confirmation\/","og_locale":"en_US","og_type":"article","og_title":"Tak for din tilmelding!","og_description":"Du har succesfuldt tilmeldt dig til at modtage opdateringer fra os. Hvis du har sp\u00f8rgsm\u00e5l eller har brug for yderligere hj\u00e6lp, er du velkommen til at kontakte en af vores repr\u00e6sentanter nedenfor.","og_url":"https:\/\/organonpro.com\/da-dk\/quick-consent-confirmation\/","og_site_name":"Organon Pro - Denmark","article_modified_time":"2025-02-18T08:25:52+00:00","og_image":[{"width":1200,"height":630,"url":"https:\/\/organonpro.com\/da-dk\/wp-content\/uploads\/sites\/35\/2022\/12\/organon-pro-og-img.png","type":"image\/png"}],"twitter_card":"summary_large_image","twitter_misc":{"Est. reading time":"1 minute"},"schema":{"@context":"https:\/\/schema.org","@graph":[{"@type":"WebPage","@id":"https:\/\/organonpro.com\/da-dk\/quick-consent-confirmation\/","url":"https:\/\/organonpro.com\/da-dk\/quick-consent-confirmation\/","name":"Tak for din tilmelding! - Organon Pro - Denmark","isPartOf":{"@id":"https:\/\/organonpro.com\/da-dk\/#website"},"datePublished":"2024-11-26T09:44:47+00:00","dateModified":"2025-02-18T08:25:52+00:00","breadcrumb":{"@id":"https:\/\/organonpro.com\/da-dk\/quick-consent-confirmation\/#breadcrumb"},"inLanguage":"en-US","potentialAction":[{"@type":"ReadAction","target":["https:\/\/organonpro.com\/da-dk\/quick-consent-confirmation\/"]}]},{"@type":"BreadcrumbList","@id":"https:\/\/organonpro.com\/da-dk\/quick-consent-confirmation\/#breadcrumb","itemListElement":[{"@type":"ListItem","position":1,"name":"Home","item":"https:\/\/organonpro.com\/da-dk\/"},{"@type":"ListItem","position":2,"name":"Tak for din tilmelding!"}]},{"@type":"WebSite","@id":"https:\/\/organonpro.com\/da-dk\/#website","url":"https:\/\/organonpro.com\/da-dk\/","name":"Organon Pro - Denmark","description":"Organon Pro - Denmark","potentialAction":[{"@type":"SearchAction","target":{"@type":"EntryPoint","urlTemplate":"https:\/\/organonpro.com\/da-dk\/?s={search_term_string}"},"query-input":{"@type":"PropertyValueSpecification","valueRequired":true,"valueName":"search_term_string"}}],"inLanguage":"en-US"}]}},"_links":{"self":[{"href":"https:\/\/organonpro.com\/da-dk\/wp-json\/wp\/v2\/pages\/594","targetHints":{"allow":["GET"]}}],"collection":[{"href":"https:\/\/organonpro.com\/da-dk\/wp-json\/wp\/v2\/pages"}],"about":[{"href":"https:\/\/organonpro.com\/da-dk\/wp-json\/wp\/v2\/types\/page"}],"author":[{"embeddable":true,"href":"https:\/\/organonpro.com\/da-dk\/wp-json\/wp\/v2\/users\/109"}],"replies":[{"embeddable":true,"href":"https:\/\/organonpro.com\/da-dk\/wp-json\/wp\/v2\/comments?post=594"}],"version-history":[{"count":12,"href":"https:\/\/organonpro.com\/da-dk\/wp-json\/wp\/v2\/pages\/594\/revisions"}],"predecessor-version":[{"id":800,"href":"https:\/\/organonpro.com\/da-dk\/wp-json\/wp\/v2\/pages\/594\/revisions\/800"}],"wp:attachment":[{"href":"https:\/\/organonpro.com\/da-dk\/wp-json\/wp\/v2\/media?parent=594"}],"curies":[{"name":"wp","href":"https:\/\/api.w.org\/{rel}","templated":true}]}}